{"id":9,"date":"2015-06-27T22:38:11","date_gmt":"2015-06-27T22:38:11","guid":{"rendered":"https:\/\/sagrado.edu.uy\/?page_id=9"},"modified":"2015-10-25T23:23:11","modified_gmt":"2015-10-25T23:23:11","slug":"niveles","status":"publish","type":"page","link":"https:\/\/sagrado.edu.uy\/index.php\/niveles\/","title":{"rendered":"Niveles"},"content":{"rendered":"<h1><span style=\"font-size: 16pt; color: #993300;\"><a style=\"color: #993300;\" href=\"https:\/\/sagrado.edu.uy\/index.php\/niveles\/nivel-inicial\/\" target=\"_blank\"><span style=\"font-family: tahoma, arial, helvetica, sans-serif;\">NIVEL INICIAL &#8211;\u00a0<\/span><span style=\"font-family: tahoma, arial, helvetica, sans-serif;\">De 3 a 5 a\u00f1os<\/span><\/a><\/span><\/h1>\n<ul style=\"list-style-type: circle;\">\n<li style=\"text-align: left;\"><span style=\"font-family: tahoma, arial, helvetica, sans-serif; font-size: 12pt;\">Turno Vespertino &#8211;\u00a0Horario: 13.00 a 17.00<\/span><\/li>\n<li style=\"text-align: left;\"><span style=\"font-family: tahoma, arial, helvetica, sans-serif; font-size: 12pt;\"><span style=\"font-family: tahoma, arial, helvetica, sans-serif; font-size: 12pt;\">Opcional: Doble turno de 8.00 a 17.00 hs<\/span><\/span><br \/>\n<hr \/>\n<\/li>\n<\/ul>\n<h2 style=\"text-align: left;\"><span style=\"color: #993300;\"><a style=\"color: #993300;\" href=\"https:\/\/sagrado.edu.uy\/index.php\/niveles\/primaria\/\" target=\"_blank\"><span style=\"font-size: 16pt;\"><span style=\"font-family: tahoma, arial, helvetica, sans-serif;\">PRIMARIA &#8211;\u00a0<\/span><span style=\"font-family: tahoma, arial, helvetica, sans-serif;\">De 1ro. a 6to. grado<\/span><\/span><\/a><\/span><\/h2>\n<ul style=\"list-style-type: circle;\">\n<li style=\"text-align: left;\"><span style=\"font-family: tahoma, arial, helvetica, sans-serif; font-size: 12pt;\">TURNO: Matutino &#8211; Horario: 8.00 a 12.00 hs<\/span><\/li>\n<li style=\"text-align: left;\"><span style=\"font-family: tahoma, arial, helvetica, sans-serif; font-size: 12pt;\">Dos d\u00edas a la semana extensi\u00f3n horaria obligatoria<\/span><\/li>\n<li style=\"text-align: left;\"><span style=\"font-family: tahoma, arial, helvetica, sans-serif; font-size: 12pt;\">Opcional doble turno: 8.00 a 16.00 hs<\/span><\/li>\n<\/ul>\n<h2 style=\"text-align: left;\"><span style=\"font-family: tahoma, arial, helvetica, sans-serif; font-size: 12pt; color: #993300;\">ACTIVIDADES EXTRACURRICULARES<\/span><\/h2>\n<ul style=\"list-style-type: square;\">\n<li style=\"text-align: left;\"><span style=\"font-family: tahoma, arial, helvetica, sans-serif; font-size: 12pt;\">Ingl\u00e9s: convenio con el London Institute<\/span><\/li>\n<li style=\"text-align: left;\"><span style=\"font-family: tahoma, arial, helvetica, sans-serif; font-size: 12pt;\">Inform\u00e1tica: Plan privado del Ceibal, aula m\u00f3vil<\/span><\/li>\n<li style=\"text-align: left;\"><span style=\"font-family: tahoma, arial, helvetica, sans-serif; font-size: 12pt;\">Educaci\u00f3n f\u00edsica<\/span><\/li>\n<li style=\"text-align: left;\"><span style=\"font-family: tahoma, arial, helvetica, sans-serif; font-size: 12pt;\">Danza y expresi\u00f3n corporal<\/span><\/li>\n<li style=\"text-align: left;\"><span style=\"font-family: tahoma, arial, helvetica, sans-serif; font-size: 12pt;\">Taller de m\u00fasica<\/span><\/li>\n<li style=\"text-align: left;\"><span style=\"font-family: tahoma, arial, helvetica, sans-serif; font-size: 12pt;\">Taller de expresi\u00f3n pl\u00e1stica<\/span><\/li>\n<li style=\"text-align: left;\"><span style=\"font-family: tahoma, arial, helvetica, sans-serif; font-size: 12pt;\"><span style=\"font-family: tahoma, arial, helvetica, sans-serif; font-size: 12pt;\">Taller de teatro<\/span><\/span><br \/>\n<hr \/>\n<\/li>\n<\/ul>\n<h2 style=\"text-align: left;\"><span style=\"color: #993300;\"><a style=\"color: #993300;\" href=\"https:\/\/sagrado.edu.uy\/index.php\/niveles\/secundaria\/\" target=\"_blank\"><span style=\"font-size: 16pt;\">\u00a0<span style=\"font-family: tahoma, arial, helvetica, sans-serif;\">SECUNDARIA &#8211;\u00a0<\/span><span style=\"font-family: tahoma, arial, helvetica, sans-serif;\">De 1ro a 3ro. de Ciclo B\u00e1sico<\/span><\/span><\/a><\/span><\/h2>\n<ul style=\"list-style-type: circle;\">\n<li><span style=\"font-family: tahoma, arial, helvetica, sans-serif; font-size: 12pt;\">Aplicaci\u00f3n del Plan 2006 seg\u00fan reglamentaci\u00f3n vigente<\/span><\/li>\n<li><span style=\"font-family: tahoma, arial, helvetica, sans-serif; font-size: 12pt;\">TURNO: Matutino\u00a0de 8 a 15 hs<\/span><\/li>\n<\/ul>\n<h2><span style=\"font-size: 12pt; font-family: tahoma, arial, helvetica, sans-serif; color: #993300;\">Se priorizan las siguientes \u00e1reas:<\/span><\/h2>\n<ul>\n<li><span style=\"font-size: 12pt; font-family: tahoma, arial, helvetica, sans-serif;\">Aprendizaje de ingl\u00e9s<\/span><\/li>\n<li><span style=\"font-size: 12pt; font-family: tahoma, arial, helvetica, sans-serif;\">Inform\u00e1tica y uso de tecnolog\u00edas<\/span><\/li>\n<li><span style=\"font-size: 12pt; font-family: tahoma, arial, helvetica, sans-serif;\">Acompa\u00f1amiento pedag\u00f3gico especializado<\/span><\/li>\n<li><span style=\"font-size: 12pt; font-family: tahoma, arial, helvetica, sans-serif;\">Actividades extracurriculares vinculadas a la Pastoral<\/span><\/li>\n<li><span style=\"font-size: 12pt; font-family: tahoma, arial, helvetica, sans-serif;\"><span style=\"font-size: 12pt; font-family: tahoma, arial, helvetica, sans-serif;\">Educaci\u00f3n f\u00edsica y deporte<\/span><\/span><br \/>\n<hr \/>\n<\/li>\n<\/ul>\n<h2><strong><span style=\"color: #993300; font-size: 16pt; font-family: tahoma, arial, helvetica, sans-serif;\"><a style=\"color: #993300;\" href=\"https:\/\/sagrado.edu.uy\/index.php\/niveles\/otras-actividades-y-servicios\/\" target=\"_blank\">OTRAS ACTIVIDADES Y SERVICIOS<\/a><\/span><\/strong><\/h2>\n<ul style=\"list-style-type: circle;\">\n<li><span style=\"font-size: 12pt; font-family: tahoma, arial, helvetica, sans-serif;\">PASTORALES :\u00a0Catequesis familiar en conjunto con la Parroquia, celebraciones y encuentros<\/span><\/li>\n<li><span style=\"font-size: 12pt; font-family: tahoma, arial, helvetica, sans-serif;\">RECREATIVAS : Campamentos, dormilonas, salidas did\u00e1cticas, convivencias con colegios de la Congregaci\u00f3n.<\/span><\/li>\n<li><span style=\"font-size: 12pt; font-family: tahoma, arial, helvetica, sans-serif;\">SOCIALES : Comisi\u00f3n de padres y madres del colegio, encuentros con las familias.<\/span><\/li>\n<li><span style=\"font-size: 12pt; font-family: tahoma, arial, helvetica, sans-serif;\">DEPORTIVAS : Escuelita de f\u00fatbol. F\u00fatbol para padres.<\/span><\/li>\n<\/ul>\n<h2><span style=\"font-size: 12pt; font-family: tahoma, arial, helvetica, sans-serif; color: #993300;\">DEPARTAMENTO DE PSICOPEDAGOGIA\u00a0<\/span><\/h2>\n<ul style=\"list-style-type: square;\">\n<li><span style=\"font-size: 12pt; font-family: tahoma, arial, helvetica, sans-serif;\">Acompa\u00f1amiento a docentes y ni\u00f1os<\/span><\/li>\n<li><span style=\"font-size: 12pt; font-family: tahoma, arial, helvetica, sans-serif;\">Asesoramiento a familias<\/span><\/li>\n<li><span style=\"font-size: 12pt; font-family: tahoma, arial, helvetica, sans-serif;\">Talleres para padres<\/span><\/li>\n<\/ul>\n<h2><span style=\"font-family: tahoma, arial, helvetica, sans-serif; font-size: 12pt; color: #993300;\">BIBLIOTECA<\/span><\/h2>\n<h2><span style=\"font-size: 12pt; font-family: tahoma, arial, helvetica, sans-serif; color: #993300;\">COMEDOR<\/span><\/h2>\n<div><span style=\"font-size: 12pt; font-family: tahoma, arial, helvetica, sans-serif;\">La Instituci\u00f3n cuenta con instalaciones donde los alumnos comparten el almuerzo que traen de sus hogares en un \u00e1mbito muy c\u00e1lido y ameno.<\/span><\/div>\n","protected":false},"excerpt":{"rendered":"<p>NIVEL INICIAL &#8211;\u00a0De 3 a 5 a\u00f1os Turno Vespertino &#8211;\u00a0Horario: 13.00 a 17.00 Opcional: Doble turno de 8.00 a 17.00 hs PRIMARIA &#8211;\u00a0De 1ro. a 6to. grado TURNO: Matutino &#8211; Horario: 8.00 a 12.00 hs Dos d\u00edas a la semana extensi\u00f3n horaria obligatoria Opcional doble turno: 8.00 a 16.00 hs [&hellip;]<\/p>\n","protected":false},"author":1,"featured_media":0,"parent":0,"menu_order":0,"comment_status":"closed","ping_status":"closed","template":"","meta":{"jetpack_post_was_ever_published":false,"footnotes":""},"jetpack_sharing_enabled":true,"jetpack_shortlink":"https:\/\/wp.me\/P7txoW-9","_links":{"self":[{"href":"https:\/\/sagrado.edu.uy\/index.php\/wp-json\/wp\/v2\/pages\/9"}],"collection":[{"href":"https:\/\/sagrado.edu.uy\/index.php\/wp-json\/wp\/v2\/pages"}],"about":[{"href":"https:\/\/sagrado.edu.uy\/index.php\/wp-json\/wp\/v2\/types\/page"}],"author":[{"embeddable":true,"href":"https:\/\/sagrado.edu.uy\/index.php\/wp-json\/wp\/v2\/users\/1"}],"replies":[{"embeddable":true,"href":"https:\/\/sagrado.edu.uy\/index.php\/wp-json\/wp\/v2\/comments?post=9"}],"version-history":[{"count":22,"href":"https:\/\/sagrado.edu.uy\/index.php\/wp-json\/wp\/v2\/pages\/9\/revisions"}],"predecessor-version":[{"id":389,"href":"https:\/\/sagrado.edu.uy\/index.php\/wp-json\/wp\/v2\/pages\/9\/revisions\/389"}],"wp:attachment":[{"href":"https:\/\/sagrado.edu.uy\/index.php\/wp-json\/wp\/v2\/media?parent=9"}],"curies":[{"name":"wp","href":"https:\/\/api.w.org\/{rel}","templated":true}]}}