{"id":42,"date":"2015-06-28T12:54:39","date_gmt":"2015-06-28T15:54:39","guid":{"rendered":"https:\/\/sagrado.edu.uy\/?page_id=42"},"modified":"2019-07-21T20:03:11","modified_gmt":"2019-07-21T23:03:11","slug":"proyectos-y-donaciones","status":"publish","type":"page","link":"https:\/\/sagrado.edu.uy\/index.php\/el-colegio\/proyectos-y-donaciones\/","title":{"rendered":"Proyectos y Donaciones"},"content":{"rendered":"\t\t<div data-elementor-type=\"wp-post\" data-elementor-id=\"42\" class=\"elementor elementor-42\">\n\t\t\t\t\t\t<section class=\"elementor-section elementor-top-section elementor-element elementor-element-5a5b4fae elementor-section-boxed elementor-section-height-default elementor-section-height-default\" data-id=\"5a5b4fae\" data-element_type=\"section\">\n\t\t\t\t\t\t<div class=\"elementor-container elementor-column-gap-default\">\n\t\t\t\t\t<div class=\"elementor-column elementor-col-100 elementor-top-column elementor-element elementor-element-4a5cd3c6\" data-id=\"4a5cd3c6\" data-element_type=\"column\">\n\t\t\t<div class=\"elementor-widget-wrap elementor-element-populated\">\n\t\t\t\t\t\t<div class=\"elementor-element elementor-element-742e67c elementor-widget elementor-widget-heading\" data-id=\"742e67c\" data-element_type=\"widget\" data-widget_type=\"heading.default\">\n\t\t\t\t<div class=\"elementor-widget-container\">\n\t\t\t\t\t<h2 class=\"elementor-heading-title elementor-size-default\">Financiamiento de nuestra obra<\/h2>\t\t\t\t<\/div>\n\t\t\t\t<\/div>\n\t\t\t\t<div class=\"elementor-element elementor-element-2b6bdd7 elementor-widget elementor-widget-text-editor\" data-id=\"2b6bdd7\" data-element_type=\"widget\" data-widget_type=\"text-editor.default\">\n\t\t\t\t<div class=\"elementor-widget-container\">\n\t\t\t\t\t\t\t\t\t<p><span style=\"font-family: tahoma, arial, helvetica, sans-serif; font-size: 12pt;\">Los gastos de funcionamiento del colegio \u00a0que incluyen sueldos y servicios se financian con las cuotas que aportan las familias de los alumnos. Existen tambi\u00e9n becas anuales que particulares brindan a los ni\u00f1os cuyas familias no pueden hacer frente a la mensualidad. Es pol\u00edtica educativa del colegio que todas las familias, por peque\u00f1o que sea, hagan un aporte econ\u00f3mico mensual.<\/span><\/p><p><span style=\"font-family: tahoma, arial, helvetica, sans-serif; font-size: 12pt;\">Toda inversi\u00f3n en infraestructura, formaci\u00f3n de los docentes, material did\u00e1ctico, desarrollo institucional y mejoras en general, debe ser financiada por donaciones solidarias que son gestionadas por el Equipo de Direcci\u00f3n.\u00a0<\/span><\/p><p><span style=\"font-family: tahoma, arial, helvetica, sans-serif; font-size: 12pt;\">E<span style=\"font-weight: 400;\">n 2019 se termin\u00f3 de construir el proyecto m\u00e1s ambicioso que encar\u00f3 la comunidad educativa del colegio que fue la construcci\u00f3n del edificio del liceo. Los nuevos desaf\u00edos son instalar un ascensor, equipar un laboratorio y construir un gimnasio polideportivo en un terreno ya adquirido a 150mts del colegio.<\/span><\/span><\/p><p><\/p><ul><\/ul>\t\t\t\t\t\t\t\t<\/div>\n\t\t\t\t<\/div>\n\t\t\t\t<div class=\"elementor-element elementor-element-a98d585 elementor-widget elementor-widget-heading\" data-id=\"a98d585\" data-element_type=\"widget\" data-widget_type=\"heading.default\">\n\t\t\t\t<div class=\"elementor-widget-container\">\n\t\t\t\t\t<h2 class=\"elementor-heading-title elementor-size-default\">Proyecto Creced<\/h2>\t\t\t\t<\/div>\n\t\t\t\t<\/div>\n\t\t\t\t<div class=\"elementor-element elementor-element-26a3f9c elementor-widget elementor-widget-text-editor\" data-id=\"26a3f9c\" data-element_type=\"widget\" data-widget_type=\"text-editor.default\">\n\t\t\t\t<div class=\"elementor-widget-container\">\n\t\t\t\t\t\t\t\t\t<h2><span style=\"font-family: tahoma, arial, helvetica, sans-serif; font-size: 12pt;\">El proyecto CRECED:\u00a0CReemos que es necesario\u00a0Compartir esfuerzos para brindar\u00a0Educaci\u00f3n de calidad a los sectores m\u00e1s vulnerables de nuestra sociedad.<\/span><\/h2><p><span style=\"font-family: tahoma, arial, helvetica, sans-serif; font-size: 12pt;\">Creced es el proyecto que tiene como objetivo apoyar al colegio en sus planes de crecimiento y desarrollo y en particular en la apertura y sostenimiento de su liceo. Una de sus l\u00edneas de trabajo es recaudar fondos de empresas que puedan donar a trav\u00e9s del <a href=\"https:\/\/www.mef.gub.uy\/12483\/1\/mef\/informacion-de-tramites-para-el-ciudadano.html\" target=\"_blank\" rel=\"noopener\">Sistema de Donaciones Especiales del MEF en este V\u00cdNCULO<\/a><\/span><\/p><p><span style=\"font-family: tahoma, arial, helvetica, sans-serif; font-size: 12pt;\">Creced:\u00a0<span style=\"color: #b50030;\">creced@sagrado.edu.uy<\/span><\/span><\/p>\t\t\t\t\t\t\t\t<\/div>\n\t\t\t\t<\/div>\n\t\t\t\t<div class=\"elementor-element elementor-element-ae26c7e elementor-widget elementor-widget-heading\" data-id=\"ae26c7e\" data-element_type=\"widget\" data-widget_type=\"heading.default\">\n\t\t\t\t<div class=\"elementor-widget-container\">\n\t\t\t\t\t<h2 class=\"elementor-heading-title elementor-size-default\">Transparencia<\/h2>\t\t\t\t<\/div>\n\t\t\t\t<\/div>\n\t\t\t\t<div class=\"elementor-element elementor-element-6cacc1a elementor-widget elementor-widget-text-editor\" data-id=\"6cacc1a\" data-element_type=\"widget\" data-widget_type=\"text-editor.default\">\n\t\t\t\t<div class=\"elementor-widget-container\">\n\t\t\t\t\t\t\t\t\t<p><span style=\"font-family: tahoma, arial, helvetica, sans-serif; font-size: 12pt;\">La administraci\u00f3n de los fondos provenientes de donaciones para obra y equipamiento de dicho proyecto es auditado por la consultora ECOVIS Uruguay<\/span><\/p>\t\t\t\t\t\t\t\t<\/div>\n\t\t\t\t<\/div>\n\t\t\t\t\t<\/div>\n\t\t<\/div>\n\t\t\t\t\t<\/div>\n\t\t<\/section>\n\t\t\t\t<section class=\"elementor-section elementor-top-section elementor-element elementor-element-d6d9126 elementor-section-boxed elementor-section-height-default elementor-section-height-default\" data-id=\"d6d9126\" data-element_type=\"section\">\n\t\t\t\t\t\t<div class=\"elementor-container elementor-column-gap-default\">\n\t\t\t\t\t<div class=\"elementor-column elementor-col-100 elementor-top-column elementor-element elementor-element-4100fc3\" data-id=\"4100fc3\" data-element_type=\"column\">\n\t\t\t<div class=\"elementor-widget-wrap elementor-element-populated\">\n\t\t\t\t\t\t<div class=\"elementor-element elementor-element-ec4b86d elementor-widget elementor-widget-heading\" data-id=\"ec4b86d\" data-element_type=\"widget\" data-widget_type=\"heading.default\">\n\t\t\t\t<div class=\"elementor-widget-container\">\n\t\t\t\t\t<h2 class=\"elementor-heading-title elementor-size-default\">Nos apoyan<\/h2>\t\t\t\t<\/div>\n\t\t\t\t<\/div>\n\t\t\t\t<div class=\"elementor-element elementor-element-f37d66c elementor-widget elementor-widget-text-editor\" data-id=\"f37d66c\" data-element_type=\"widget\" data-widget_type=\"text-editor.default\">\n\t\t\t\t<div class=\"elementor-widget-container\">\n\t\t\t\t\t\t\t\t\t<ul><li><span style=\"font-family: tahoma, arial, helvetica, sans-serif; font-size: 12pt;\">Fondo de Solidaridad de la Provincia Argentina &#8211; Uruguay (RSCJ)<\/span><\/li><li><span style=\"font-family: tahoma, arial, helvetica, sans-serif; font-size: 12pt;\">Fondo de Solidaridad Internacional (RSCJ)<\/span><\/li><li><span style=\"font-family: tahoma, arial, helvetica, sans-serif; font-size: 12pt;\">AMASC<\/span><\/li><li><span style=\"font-family: tahoma, arial, helvetica, sans-serif; font-size: 12pt;\">Kindermissionwerk<\/span><\/li><li><span style=\"font-family: tahoma, arial, helvetica, sans-serif; font-size: 12pt;\">Fundaci\u00f3n Beisso-Fleurquin<\/span><\/li><li><span style=\"font-family: tahoma, arial, helvetica, sans-serif; font-size: 12pt;\">Colegio Stella Maris<\/span><\/li><li><span style=\"font-family: tahoma, arial, helvetica, sans-serif; font-size: 12pt;\">Biblioteca \u201cNuestros hijos\u201d <\/span><\/li><li><span style=\"font-family: tahoma, arial, helvetica, sans-serif; font-size: 12pt;\"><span style=\"font-weight: 400;\">Rotary Club Punta Gorda Na\u00fatico<\/span><\/span><\/li><\/ul>\t\t\t\t\t\t\t\t<\/div>\n\t\t\t\t<\/div>\n\t\t\t\t\t<\/div>\n\t\t<\/div>\n\t\t\t\t\t<\/div>\n\t\t<\/section>\n\t\t\t\t<\/div>\n\t\t","protected":false},"excerpt":{"rendered":"<p>Financiamiento de nuestra obra Los gastos de funcionamiento del colegio &nbsp;que incluyen sueldos y servicios se financian con las cuotas que aportan las familias de los alumnos. Existen tambi\u00e9n becas anuales que particulares brindan a los ni\u00f1os cuyas familias no pueden hacer frente a la mensualidad. Es pol\u00edtica educativa del [&hellip;]<\/p>\n","protected":false},"author":1,"featured_media":0,"parent":7,"menu_order":4,"comment_status":"closed","ping_status":"closed","template":"","meta":{"jetpack_post_was_ever_published":false,"footnotes":""},"jetpack_sharing_enabled":true,"jetpack_shortlink":"https:\/\/wp.me\/P7txoW-G","_links":{"self":[{"href":"https:\/\/sagrado.edu.uy\/index.php\/wp-json\/wp\/v2\/pages\/42"}],"collection":[{"href":"https:\/\/sagrado.edu.uy\/index.php\/wp-json\/wp\/v2\/pages"}],"about":[{"href":"https:\/\/sagrado.edu.uy\/index.php\/wp-json\/wp\/v2\/types\/page"}],"author":[{"embeddable":true,"href":"https:\/\/sagrado.edu.uy\/index.php\/wp-json\/wp\/v2\/users\/1"}],"replies":[{"embeddable":true,"href":"https:\/\/sagrado.edu.uy\/index.php\/wp-json\/wp\/v2\/comments?post=42"}],"version-history":[{"count":20,"href":"https:\/\/sagrado.edu.uy\/index.php\/wp-json\/wp\/v2\/pages\/42\/revisions"}],"predecessor-version":[{"id":2133,"href":"https:\/\/sagrado.edu.uy\/index.php\/wp-json\/wp\/v2\/pages\/42\/revisions\/2133"}],"up":[{"embeddable":true,"href":"https:\/\/sagrado.edu.uy\/index.php\/wp-json\/wp\/v2\/pages\/7"}],"wp:attachment":[{"href":"https:\/\/sagrado.edu.uy\/index.php\/wp-json\/wp\/v2\/media?parent=42"}],"curies":[{"name":"wp","href":"https:\/\/api.w.org\/{rel}","templated":true}]}}