{"id":226,"date":"2015-08-30T23:09:17","date_gmt":"2015-08-30T23:09:17","guid":{"rendered":"https:\/\/sagrado.edu.uy\/?page_id=226"},"modified":"2019-07-29T20:22:44","modified_gmt":"2019-07-29T23:22:44","slug":"nivel-inicial","status":"publish","type":"page","link":"https:\/\/sagrado.edu.uy\/index.php\/niveles\/nivel-inicial\/","title":{"rendered":"Nivel Inicial"},"content":{"rendered":"\t\t<div data-elementor-type=\"wp-post\" data-elementor-id=\"226\" class=\"elementor elementor-226\">\n\t\t\t\t\t\t<section class=\"elementor-section elementor-top-section elementor-element elementor-element-30c8d594 elementor-section-boxed elementor-section-height-default elementor-section-height-default\" data-id=\"30c8d594\" data-element_type=\"section\">\n\t\t\t\t\t\t<div class=\"elementor-container elementor-column-gap-default\">\n\t\t\t\t\t<div class=\"elementor-column elementor-col-100 elementor-top-column elementor-element elementor-element-574909c2\" data-id=\"574909c2\" data-element_type=\"column\">\n\t\t\t<div class=\"elementor-widget-wrap elementor-element-populated\">\n\t\t\t\t\t\t<section class=\"elementor-section elementor-inner-section elementor-element elementor-element-64f85c9 elementor-section-boxed elementor-section-height-default elementor-section-height-default\" data-id=\"64f85c9\" data-element_type=\"section\">\n\t\t\t\t\t\t<div class=\"elementor-container elementor-column-gap-default\">\n\t\t\t\t\t<div class=\"elementor-column elementor-col-50 elementor-inner-column elementor-element elementor-element-f94ff19\" data-id=\"f94ff19\" data-element_type=\"column\">\n\t\t\t<div class=\"elementor-widget-wrap elementor-element-populated\">\n\t\t\t\t\t\t<div class=\"elementor-element elementor-element-3a4ae65 elementor-widget elementor-widget-text-editor\" data-id=\"3a4ae65\" data-element_type=\"widget\" data-widget_type=\"text-editor.default\">\n\t\t\t\t<div class=\"elementor-widget-container\">\n\t\t\t\t\t\t\t\t\t<h2><span style=\"color: #993300; font-size: 14pt;\"><span style=\"font-family: tahoma, arial, helvetica, sans-serif;\">NIVEL INICIAL &#8211;\u00a0<\/span><span style=\"font-family: tahoma, arial, helvetica, sans-serif;\">De 2 a 5 a\u00f1os<\/span><\/span><\/h2><p><span style=\"font-family: tahoma, arial, helvetica, sans-serif; font-size: 12pt;\">Turno Vespertino &#8211;\u00a0Horario: 13.00 a 17.00<\/span><\/p><p><span style=\"font-family: tahoma, arial, helvetica, sans-serif; font-size: 12pt;\">Opcional: Doble turno de 8.00 a 17.00 hs<\/span><\/p>\t\t\t\t\t\t\t\t<\/div>\n\t\t\t\t<\/div>\n\t\t\t\t\t<\/div>\n\t\t<\/div>\n\t\t\t\t<div class=\"elementor-column elementor-col-50 elementor-inner-column elementor-element elementor-element-ecfbbce\" data-id=\"ecfbbce\" data-element_type=\"column\">\n\t\t\t<div class=\"elementor-widget-wrap elementor-element-populated\">\n\t\t\t\t\t\t<div class=\"elementor-element elementor-element-f69de8d elementor-widget elementor-widget-text-editor\" data-id=\"f69de8d\" data-element_type=\"widget\" data-widget_type=\"text-editor.default\">\n\t\t\t\t<div class=\"elementor-widget-container\">\n\t\t\t\t\t\t\t\t\t<ul><li><span style=\"font-weight: 400;\"><strong>Ingl\u00e9s,<\/strong> contamos con la supervisi\u00f3n y apoyo t\u00e9cnico del colegio Stella Maris<\/span><\/li><li><span style=\"font-weight: 400;\"><strong>Inform\u00e1tica,<\/strong> plan privado de Ceibal, aula m\u00f3vil<\/span><\/li><li><strong>Taller de m\u00fasica<\/strong><\/li><li><span style=\"font-weight: 400;\"><strong>Educaci\u00f3n F\u00edsica<\/strong>\u00a0 \u00a0<\/span><\/li><\/ul>\t\t\t\t\t\t\t\t<\/div>\n\t\t\t\t<\/div>\n\t\t\t\t\t<\/div>\n\t\t<\/div>\n\t\t\t\t\t<\/div>\n\t\t<\/section>\n\t\t\t\t<div class=\"elementor-element elementor-element-d889bc1 elementor-widget elementor-widget-image-gallery\" data-id=\"d889bc1\" data-element_type=\"widget\" data-widget_type=\"image-gallery.default\">\n\t\t\t\t<div class=\"elementor-widget-container\">\n\t\t\t\t\t\t\t<div class=\"elementor-image-gallery\">\n\t\t\t<div class=\"tiled-gallery type-rectangular tiled-gallery-unresized\" data-original-width=\"750\" data-carousel-extra='null' itemscope itemtype=\"http:\/\/schema.org\/ImageGallery\" > <div class=\"gallery-row\" style=\"width: 750px; height: 395px;\" data-original-width=\"750\" data-original-height=\"395\" > <div class=\"gallery-group images-1\" style=\"width: 526px; height: 395px;\" data-original-width=\"526\" data-original-height=\"395\" > <div class=\"tiled-gallery-item tiled-gallery-item-large\" itemprop=\"associatedMedia\" itemscope itemtype=\"http:\/\/schema.org\/ImageObject\"> <a href=\"https:\/\/i0.wp.com\/sagrado.edu.uy\/wp-content\/uploads\/2019\/07\/INICIAL-1.jpg?ssl=1\" border=\"0\" itemprop=\"url\"> <meta itemprop=\"width\" content=\"522\"> <meta itemprop=\"height\" content=\"391\"> <img loading=\"lazy\" decoding=\"async\" class=\"\" data-attachment-id=\"2185\" data-orig-file=\"https:\/\/sagrado.edu.uy\/wp-content\/uploads\/2019\/07\/INICIAL-1.jpg\" data-orig-size=\"1024,768\" data-comments-opened=\"1\" data-image-meta=\"{&quot;aperture&quot;:&quot;0&quot;,&quot;credit&quot;:&quot;&quot;,&quot;camera&quot;:&quot;&quot;,&quot;caption&quot;:&quot;&quot;,&quot;created_timestamp&quot;:&quot;0&quot;,&quot;copyright&quot;:&quot;&quot;,&quot;focal_length&quot;:&quot;0&quot;,&quot;iso&quot;:&quot;0&quot;,&quot;shutter_speed&quot;:&quot;0&quot;,&quot;title&quot;:&quot;&quot;,&quot;orientation&quot;:&quot;0&quot;}\" data-image-title=\"INICIAL (1)\" data-image-description=\"\" data-medium-file=\"https:\/\/i0.wp.com\/sagrado.edu.uy\/wp-content\/uploads\/2019\/07\/INICIAL-1.jpg?fit=300%2C225&#038;ssl=1\" data-large-file=\"https:\/\/i0.wp.com\/sagrado.edu.uy\/wp-content\/uploads\/2019\/07\/INICIAL-1.jpg?fit=750%2C563&#038;ssl=1\" src=\"https:\/\/i0.wp.com\/sagrado.edu.uy\/wp-content\/uploads\/2019\/07\/INICIAL-1.jpg?w=522&#038;h=391&#038;ssl=1\" srcset=\"https:\/\/i0.wp.com\/sagrado.edu.uy\/wp-content\/uploads\/2019\/07\/INICIAL-1.jpg?w=1024&amp;ssl=1 1024w, https:\/\/i0.wp.com\/sagrado.edu.uy\/wp-content\/uploads\/2019\/07\/INICIAL-1.jpg?resize=300%2C225&amp;ssl=1 300w, https:\/\/i0.wp.com\/sagrado.edu.uy\/wp-content\/uploads\/2019\/07\/INICIAL-1.jpg?resize=768%2C576&amp;ssl=1 768w\" width=\"522\" height=\"391\" loading=\"lazy\" data-original-width=\"522\" data-original-height=\"391\" itemprop=\"http:\/\/schema.org\/image\" title=\"INICIAL (1)\" alt=\"INICIAL (1)\" style=\"width: 522px; height: 391px;\" \/> <\/a> <\/div> <\/div> <!-- close group --> <div class=\"gallery-group images-1\" style=\"width: 224px; height: 395px;\" data-original-width=\"224\" data-original-height=\"395\" > <div class=\"tiled-gallery-item tiled-gallery-item-small\" itemprop=\"associatedMedia\" itemscope itemtype=\"http:\/\/schema.org\/ImageObject\"> <a href=\"https:\/\/i0.wp.com\/sagrado.edu.uy\/wp-content\/uploads\/2019\/07\/INICIAL-5.jpg?ssl=1\" border=\"0\" itemprop=\"url\"> <meta itemprop=\"width\" content=\"220\"> <meta itemprop=\"height\" content=\"391\"> <img loading=\"lazy\" decoding=\"async\" class=\"\" data-attachment-id=\"2189\" data-orig-file=\"https:\/\/sagrado.edu.uy\/wp-content\/uploads\/2019\/07\/INICIAL-5.jpg\" data-orig-size=\"900,1600\" data-comments-opened=\"1\" data-image-meta=\"{&quot;aperture&quot;:&quot;0&quot;,&quot;credit&quot;:&quot;&quot;,&quot;camera&quot;:&quot;&quot;,&quot;caption&quot;:&quot;&quot;,&quot;created_timestamp&quot;:&quot;0&quot;,&quot;copyright&quot;:&quot;&quot;,&quot;focal_length&quot;:&quot;0&quot;,&quot;iso&quot;:&quot;0&quot;,&quot;shutter_speed&quot;:&quot;0&quot;,&quot;title&quot;:&quot;&quot;,&quot;orientation&quot;:&quot;0&quot;}\" data-image-title=\"INICIAL (5)\" data-image-description=\"\" data-medium-file=\"https:\/\/i0.wp.com\/sagrado.edu.uy\/wp-content\/uploads\/2019\/07\/INICIAL-5.jpg?fit=169%2C300&#038;ssl=1\" data-large-file=\"https:\/\/i0.wp.com\/sagrado.edu.uy\/wp-content\/uploads\/2019\/07\/INICIAL-5.jpg?fit=576%2C1024&#038;ssl=1\" src=\"https:\/\/i0.wp.com\/sagrado.edu.uy\/wp-content\/uploads\/2019\/07\/INICIAL-5.jpg?w=220&#038;h=391&#038;ssl=1\" srcset=\"https:\/\/i0.wp.com\/sagrado.edu.uy\/wp-content\/uploads\/2019\/07\/INICIAL-5.jpg?w=900&amp;ssl=1 900w, https:\/\/i0.wp.com\/sagrado.edu.uy\/wp-content\/uploads\/2019\/07\/INICIAL-5.jpg?resize=169%2C300&amp;ssl=1 169w, https:\/\/i0.wp.com\/sagrado.edu.uy\/wp-content\/uploads\/2019\/07\/INICIAL-5.jpg?resize=768%2C1365&amp;ssl=1 768w, https:\/\/i0.wp.com\/sagrado.edu.uy\/wp-content\/uploads\/2019\/07\/INICIAL-5.jpg?resize=576%2C1024&amp;ssl=1 576w\" width=\"220\" height=\"391\" loading=\"lazy\" data-original-width=\"220\" data-original-height=\"391\" itemprop=\"http:\/\/schema.org\/image\" title=\"INICIAL (5)\" alt=\"INICIAL (5)\" style=\"width: 220px; height: 391px;\" \/> <\/a> <\/div> <\/div> <!-- close group --> <\/div> <!-- close row --> <div class=\"gallery-row\" style=\"width: 750px; height: 340px;\" data-original-width=\"750\" data-original-height=\"340\" > <div class=\"gallery-group images-2\" style=\"width: 299px; height: 340px;\" data-original-width=\"299\" data-original-height=\"340\" > <div class=\"tiled-gallery-item tiled-gallery-item-large\" itemprop=\"associatedMedia\" itemscope itemtype=\"http:\/\/schema.org\/ImageObject\"> <a href=\"https:\/\/i0.wp.com\/sagrado.edu.uy\/wp-content\/uploads\/2019\/07\/INICIAL-4.jpg?ssl=1\" border=\"0\" itemprop=\"url\"> <meta itemprop=\"width\" content=\"295\"> <meta itemprop=\"height\" content=\"166\"> <img loading=\"lazy\" decoding=\"async\" class=\"\" data-attachment-id=\"2188\" data-orig-file=\"https:\/\/sagrado.edu.uy\/wp-content\/uploads\/2019\/07\/INICIAL-4.jpg\" data-orig-size=\"1600,900\" data-comments-opened=\"1\" data-image-meta=\"{&quot;aperture&quot;:&quot;0&quot;,&quot;credit&quot;:&quot;&quot;,&quot;camera&quot;:&quot;&quot;,&quot;caption&quot;:&quot;&quot;,&quot;created_timestamp&quot;:&quot;0&quot;,&quot;copyright&quot;:&quot;&quot;,&quot;focal_length&quot;:&quot;0&quot;,&quot;iso&quot;:&quot;0&quot;,&quot;shutter_speed&quot;:&quot;0&quot;,&quot;title&quot;:&quot;&quot;,&quot;orientation&quot;:&quot;0&quot;}\" data-image-title=\"INICIAL (4)\" data-image-description=\"\" data-medium-file=\"https:\/\/i0.wp.com\/sagrado.edu.uy\/wp-content\/uploads\/2019\/07\/INICIAL-4.jpg?fit=300%2C169&#038;ssl=1\" data-large-file=\"https:\/\/i0.wp.com\/sagrado.edu.uy\/wp-content\/uploads\/2019\/07\/INICIAL-4.jpg?fit=750%2C422&#038;ssl=1\" src=\"https:\/\/i0.wp.com\/sagrado.edu.uy\/wp-content\/uploads\/2019\/07\/INICIAL-4.jpg?w=295&#038;h=166&#038;ssl=1\" srcset=\"https:\/\/i0.wp.com\/sagrado.edu.uy\/wp-content\/uploads\/2019\/07\/INICIAL-4.jpg?w=1600&amp;ssl=1 1600w, https:\/\/i0.wp.com\/sagrado.edu.uy\/wp-content\/uploads\/2019\/07\/INICIAL-4.jpg?resize=300%2C169&amp;ssl=1 300w, https:\/\/i0.wp.com\/sagrado.edu.uy\/wp-content\/uploads\/2019\/07\/INICIAL-4.jpg?resize=768%2C432&amp;ssl=1 768w, https:\/\/i0.wp.com\/sagrado.edu.uy\/wp-content\/uploads\/2019\/07\/INICIAL-4.jpg?resize=1024%2C576&amp;ssl=1 1024w, https:\/\/i0.wp.com\/sagrado.edu.uy\/wp-content\/uploads\/2019\/07\/INICIAL-4.jpg?w=1500&amp;ssl=1 1500w\" width=\"295\" height=\"166\" loading=\"lazy\" data-original-width=\"295\" data-original-height=\"166\" itemprop=\"http:\/\/schema.org\/image\" title=\"INICIAL (4)\" alt=\"INICIAL (4)\" style=\"width: 295px; height: 166px;\" \/> <\/a> <\/div> <div class=\"tiled-gallery-item tiled-gallery-item-large\" itemprop=\"associatedMedia\" itemscope itemtype=\"http:\/\/schema.org\/ImageObject\"> <a href=\"https:\/\/i0.wp.com\/sagrado.edu.uy\/wp-content\/uploads\/2019\/07\/INICIAL-3.jpg?ssl=1\" border=\"0\" itemprop=\"url\"> <meta itemprop=\"width\" content=\"295\"> <meta itemprop=\"height\" content=\"166\"> <img loading=\"lazy\" decoding=\"async\" class=\"\" data-attachment-id=\"2187\" data-orig-file=\"https:\/\/sagrado.edu.uy\/wp-content\/uploads\/2019\/07\/INICIAL-3.jpg\" data-orig-size=\"1600,900\" data-comments-opened=\"1\" data-image-meta=\"{&quot;aperture&quot;:&quot;0&quot;,&quot;credit&quot;:&quot;&quot;,&quot;camera&quot;:&quot;&quot;,&quot;caption&quot;:&quot;&quot;,&quot;created_timestamp&quot;:&quot;0&quot;,&quot;copyright&quot;:&quot;&quot;,&quot;focal_length&quot;:&quot;0&quot;,&quot;iso&quot;:&quot;0&quot;,&quot;shutter_speed&quot;:&quot;0&quot;,&quot;title&quot;:&quot;&quot;,&quot;orientation&quot;:&quot;0&quot;}\" data-image-title=\"INICIAL (3)\" data-image-description=\"\" data-medium-file=\"https:\/\/i0.wp.com\/sagrado.edu.uy\/wp-content\/uploads\/2019\/07\/INICIAL-3.jpg?fit=300%2C169&#038;ssl=1\" data-large-file=\"https:\/\/i0.wp.com\/sagrado.edu.uy\/wp-content\/uploads\/2019\/07\/INICIAL-3.jpg?fit=750%2C422&#038;ssl=1\" src=\"https:\/\/i0.wp.com\/sagrado.edu.uy\/wp-content\/uploads\/2019\/07\/INICIAL-3.jpg?w=295&#038;h=166&#038;ssl=1\" srcset=\"https:\/\/i0.wp.com\/sagrado.edu.uy\/wp-content\/uploads\/2019\/07\/INICIAL-3.jpg?w=1600&amp;ssl=1 1600w, https:\/\/i0.wp.com\/sagrado.edu.uy\/wp-content\/uploads\/2019\/07\/INICIAL-3.jpg?resize=300%2C169&amp;ssl=1 300w, https:\/\/i0.wp.com\/sagrado.edu.uy\/wp-content\/uploads\/2019\/07\/INICIAL-3.jpg?resize=768%2C432&amp;ssl=1 768w, https:\/\/i0.wp.com\/sagrado.edu.uy\/wp-content\/uploads\/2019\/07\/INICIAL-3.jpg?resize=1024%2C576&amp;ssl=1 1024w, https:\/\/i0.wp.com\/sagrado.edu.uy\/wp-content\/uploads\/2019\/07\/INICIAL-3.jpg?w=1500&amp;ssl=1 1500w\" width=\"295\" height=\"166\" loading=\"lazy\" data-original-width=\"295\" data-original-height=\"166\" itemprop=\"http:\/\/schema.org\/image\" title=\"INICIAL (3)\" alt=\"INICIAL (3)\" style=\"width: 295px; height: 166px;\" \/> <\/a> <\/div> <\/div> <!-- close group --> <div class=\"gallery-group images-1\" style=\"width: 451px; height: 340px;\" data-original-width=\"451\" data-original-height=\"340\" > <div class=\"tiled-gallery-item tiled-gallery-item-large\" itemprop=\"associatedMedia\" itemscope itemtype=\"http:\/\/schema.org\/ImageObject\"> <a href=\"https:\/\/i0.wp.com\/sagrado.edu.uy\/wp-content\/uploads\/2019\/07\/INICIAL-2.jpg?ssl=1\" border=\"0\" itemprop=\"url\"> <meta itemprop=\"width\" content=\"447\"> <meta itemprop=\"height\" content=\"336\"> <img loading=\"lazy\" decoding=\"async\" class=\"\" data-attachment-id=\"2186\" data-orig-file=\"https:\/\/sagrado.edu.uy\/wp-content\/uploads\/2019\/07\/INICIAL-2.jpg\" data-orig-size=\"1600,1200\" data-comments-opened=\"1\" data-image-meta=\"{&quot;aperture&quot;:&quot;0&quot;,&quot;credit&quot;:&quot;&quot;,&quot;camera&quot;:&quot;&quot;,&quot;caption&quot;:&quot;&quot;,&quot;created_timestamp&quot;:&quot;0&quot;,&quot;copyright&quot;:&quot;&quot;,&quot;focal_length&quot;:&quot;0&quot;,&quot;iso&quot;:&quot;0&quot;,&quot;shutter_speed&quot;:&quot;0&quot;,&quot;title&quot;:&quot;&quot;,&quot;orientation&quot;:&quot;0&quot;}\" data-image-title=\"INICIAL (2)\" data-image-description=\"\" data-medium-file=\"https:\/\/i0.wp.com\/sagrado.edu.uy\/wp-content\/uploads\/2019\/07\/INICIAL-2.jpg?fit=300%2C225&#038;ssl=1\" data-large-file=\"https:\/\/i0.wp.com\/sagrado.edu.uy\/wp-content\/uploads\/2019\/07\/INICIAL-2.jpg?fit=750%2C563&#038;ssl=1\" src=\"https:\/\/i0.wp.com\/sagrado.edu.uy\/wp-content\/uploads\/2019\/07\/INICIAL-2.jpg?w=447&#038;h=336&#038;ssl=1\" srcset=\"https:\/\/i0.wp.com\/sagrado.edu.uy\/wp-content\/uploads\/2019\/07\/INICIAL-2.jpg?w=1600&amp;ssl=1 1600w, https:\/\/i0.wp.com\/sagrado.edu.uy\/wp-content\/uploads\/2019\/07\/INICIAL-2.jpg?resize=300%2C225&amp;ssl=1 300w, https:\/\/i0.wp.com\/sagrado.edu.uy\/wp-content\/uploads\/2019\/07\/INICIAL-2.jpg?resize=768%2C576&amp;ssl=1 768w, https:\/\/i0.wp.com\/sagrado.edu.uy\/wp-content\/uploads\/2019\/07\/INICIAL-2.jpg?resize=1024%2C768&amp;ssl=1 1024w, https:\/\/i0.wp.com\/sagrado.edu.uy\/wp-content\/uploads\/2019\/07\/INICIAL-2.jpg?w=1500&amp;ssl=1 1500w\" width=\"447\" height=\"336\" loading=\"lazy\" data-original-width=\"447\" data-original-height=\"336\" itemprop=\"http:\/\/schema.org\/image\" title=\"INICIAL (2)\" alt=\"INICIAL (2)\" style=\"width: 447px; height: 336px;\" \/> <\/a> <\/div> <\/div> <!-- close group --> <\/div> <!-- close row --> <\/div>\t\t<\/div>\n\t\t\t\t\t\t<\/div>\n\t\t\t\t<\/div>\n\t\t\t\t\t<\/div>\n\t\t<\/div>\n\t\t\t\t\t<\/div>\n\t\t<\/section>\n\t\t\t\t<\/div>\n\t\t","protected":false},"excerpt":{"rendered":"<p>NIVEL INICIAL &#8211;&nbsp;De 2 a 5 a\u00f1os Turno Vespertino &#8211;&nbsp;Horario: 13.00 a 17.00 Opcional: Doble turno de 8.00 a 17.00 hs Ingl\u00e9s, contamos con la supervisi\u00f3n y apoyo t\u00e9cnico del colegio Stella Maris Inform\u00e1tica, plan privado de Ceibal, aula m\u00f3vil Taller de m\u00fasica Educaci\u00f3n F\u00edsica&nbsp; &nbsp;<\/p>\n","protected":false},"author":2,"featured_media":0,"parent":9,"menu_order":1,"comment_status":"closed","ping_status":"closed","template":"","meta":{"jetpack_post_was_ever_published":false,"footnotes":""},"jetpack_sharing_enabled":true,"jetpack_shortlink":"https:\/\/wp.me\/P7txoW-3E","_links":{"self":[{"href":"https:\/\/sagrado.edu.uy\/index.php\/wp-json\/wp\/v2\/pages\/226"}],"collection":[{"href":"https:\/\/sagrado.edu.uy\/index.php\/wp-json\/wp\/v2\/pages"}],"about":[{"href":"https:\/\/sagrado.edu.uy\/index.php\/wp-json\/wp\/v2\/types\/page"}],"author":[{"embeddable":true,"href":"https:\/\/sagrado.edu.uy\/index.php\/wp-json\/wp\/v2\/users\/2"}],"replies":[{"embeddable":true,"href":"https:\/\/sagrado.edu.uy\/index.php\/wp-json\/wp\/v2\/comments?post=226"}],"version-history":[{"count":11,"href":"https:\/\/sagrado.edu.uy\/index.php\/wp-json\/wp\/v2\/pages\/226\/revisions"}],"predecessor-version":[{"id":2191,"href":"https:\/\/sagrado.edu.uy\/index.php\/wp-json\/wp\/v2\/pages\/226\/revisions\/2191"}],"up":[{"embeddable":true,"href":"https:\/\/sagrado.edu.uy\/index.php\/wp-json\/wp\/v2\/pages\/9"}],"wp:attachment":[{"href":"https:\/\/sagrado.edu.uy\/index.php\/wp-json\/wp\/v2\/media?parent=226"}],"curies":[{"name":"wp","href":"https:\/\/api.w.org\/{rel}","templated":true}]}}